{"id":12,"date":"2025-03-19T16:15:08","date_gmt":"2025-03-19T16:15:08","guid":{"rendered":"https:\/\/felveteliakademia.hu\/?page_id=12"},"modified":"2026-05-05T04:10:34","modified_gmt":"2026-05-05T04:10:34","slug":"tanfolyamok","status":"publish","type":"page","link":"https:\/\/felveteliakademia.hu\/?page_id=12","title":{"rendered":"Felk\u00e9sz\u00edt\u0151k"},"content":{"rendered":"\n<h2 class=\"wp-block-heading has-text-align-center\"><a href=\"https:\/\/app.minup.io\/book\/felveteliakademia\/service\/72387\">MATEMATIKA 4. \u00c9VFOLYAM<\/a><\/h2>\n\n\n\n<p><\/p>\n\n\n\n<h2 class=\"wp-block-heading has-text-align-center\"><a href=\"https:\/\/app.minup.io\/book\/felveteliakademia\/service\/61053\">MATEMATIKA 5. \u00c9VFOLYAM<\/a><\/h2>\n\n\n\n<p><\/p>\n\n\n\n<h2 class=\"wp-block-heading has-text-align-center\"><a href=\"https:\/\/app.minup.io\/book\/felveteliakademia\/service\/38513\">MATEMATIKA 6. \u00c9VFOLYAM<\/a><\/h2>\n\n\n\n<p><\/p>\n\n\n\n<h2 class=\"wp-block-heading has-text-align-center\"><a href=\"https:\/\/app.minup.io\/book\/felveteliakademia\/service\/61052\">MATEMATIKA 7. \u00c9VFOLYAM<\/a><\/h2>\n\n\n\n<p><\/p>\n\n\n\n<h2 class=\"wp-block-heading has-text-align-center\"><a href=\"https:\/\/app.minup.io\/book\/felveteliakademia\/service\/61051\">MATEMATIKA 8. \u00c9VFOLYAM<\/a><\/h2>\n\n\n\n<p><\/p>\n\n\n\n<p><\/p>\n\n\n\n<p><\/p>\n\n\n\n<p><\/p>\n\n\n\n<p><\/p>\n\n\n\n<p><\/p>\n\n\n\n<p><\/p>\n\n\n\n<p><\/p>\n\n\n\n<p><\/p>\n\n\n\n<p><\/p>\n\n\n\n<p><\/p>\n\n\n\n<p><\/p>\n\n\n\n<p><\/p>\n","protected":false},"excerpt":{"rendered":"<p>MATEMATIKA 4. \u00c9VFOLYAM MATEMATIKA 5. \u00c9VFOLYAM MATEMATIKA 6. \u00c9VFOLYAM MATEMATIKA 7. \u00c9VFOLYAM MATEMATIKA 8. \u00c9VFOLYAM<\/p>\n","protected":false},"author":1,"featured_media":0,"parent":0,"menu_order":0,"comment_status":"closed","ping_status":"closed","template":"","meta":{"footnotes":""},"class_list":["post-12","page","type-page","status-publish","hentry"],"_links":{"self":[{"href":"https:\/\/felveteliakademia.hu\/index.php?rest_route=\/wp\/v2\/pages\/12","targetHints":{"allow":["GET"]}}],"collection":[{"href":"https:\/\/felveteliakademia.hu\/index.php?rest_route=\/wp\/v2\/pages"}],"about":[{"href":"https:\/\/felveteliakademia.hu\/index.php?rest_route=\/wp\/v2\/types\/page"}],"author":[{"embeddable":true,"href":"https:\/\/felveteliakademia.hu\/index.php?rest_route=\/wp\/v2\/users\/1"}],"replies":[{"embeddable":true,"href":"https:\/\/felveteliakademia.hu\/index.php?rest_route=%2Fwp%2Fv2%2Fcomments&post=12"}],"version-history":[{"count":7,"href":"https:\/\/felveteliakademia.hu\/index.php?rest_route=\/wp\/v2\/pages\/12\/revisions"}],"predecessor-version":[{"id":74,"href":"https:\/\/felveteliakademia.hu\/index.php?rest_route=\/wp\/v2\/pages\/12\/revisions\/74"}],"wp:attachment":[{"href":"https:\/\/felveteliakademia.hu\/index.php?rest_route=%2Fwp%2Fv2%2Fmedia&parent=12"}],"curies":[{"name":"wp","href":"https:\/\/api.w.org\/{rel}","templated":true}]}}