{"id":11,"date":"2025-03-19T16:15:15","date_gmt":"2025-03-19T16:15:15","guid":{"rendered":"https:\/\/felveteliakademia.hu\/?page_id=11"},"modified":"2025-03-19T16:15:15","modified_gmt":"2025-03-19T16:15:15","slug":"rolunk","status":"publish","type":"page","link":"https:\/\/felveteliakademia.hu\/?page_id=11","title":{"rendered":"R\u00d3LUNK"},"content":{"rendered":"\n<h2 class=\"wp-block-heading has-text-align-center\"><strong>A Felv\u00e9teli Akad\u00e9mia \u2013 Szem\u00e9lyre szabott felk\u00e9sz\u00edt\u00e9s a sikeres felv\u00e9teli\u00e9rt!<\/strong><\/h2>\n\n\n\n<p>A Felv\u00e9teli Akad\u00e9mia k\u00fcl\u00f6nlegess\u00e9ge abban rejlik, hogy bens\u0151s\u00e9ges \u00e9s k\u00f6zvetlen kapcsolatot \u00e9p\u00edtek ki a di\u00e1kjaimmal. B\u00e1rmikor el\u00e9rhetnek engem k\u00fcl\u00f6nb\u00f6z\u0151 platformokon, p\u00e9ld\u00e1ul Messenger, Viber, Skype vagy WhatsApp seg\u00edts\u00e9g\u00e9vel, \u00e9s mindig igyekszem a lehet\u0151 leghamarabb v\u00e1laszolni. Nem csup\u00e1n tan\u00e1rk\u00e9nt, hanem t\u00e1mogat\u00f3 tanul\u00f3t\u00e1rsk\u00e9nt is jelen vagyok sz\u00e1mukra.<\/p>\n\n\n\n<p>A felk\u00e9sz\u00edt\u0151 tanfolyamaim egyedi jellege abban \u00e1ll, hogy nem csup\u00e1n a felv\u00e9teli feladatsorok megold\u00e1s\u00e1ra \u00f6sszpontos\u00edtok, hanem az Oktat\u00e1si Hivatal \u00e1ltal meghat\u00e1rozott t\u00e9mak\u00f6r\u00f6ket is r\u00e9szletesen feldolgozom. Minden t\u00e9m\u00e1t az alapokt\u00f3l indulva alaposan \u00e1tbesz\u00e9l\u00fcnk, \u00edgy biztos\u00edtva a di\u00e1kok sz\u00e1m\u00e1ra az \u00e1tfog\u00f3 \u00e9s m\u00e9ly meg\u00e9rt\u00e9st.<\/p>\n\n\n\n<p>A sz\u00fcl\u0151kkel val\u00f3 kapcsolattart\u00e1st kiemelten fontosnak tartom. Tanfolyam sor\u00e1n 7 alkalommal \u00edr\u00e1sos visszajelz\u00e9st adok a di\u00e1kokr\u00f3l, hogy a sz\u00fcl\u0151k is naprak\u00e9szen k\u00f6vethess\u00e9k gyermek\u00fck fejl\u0151d\u00e9s\u00e9t, \u00e9s \u00e9rezz\u00e9k, mennyire elk\u00f6telezett vagyok a sikeres felv\u00e9telij\u00fck ir\u00e1nt.<\/p>\n\n\n\n<h3 class=\"wp-block-heading has-text-align-center\"><strong>\ud83d\udc49 NAGYON TETSZIK A TANFOLYAM SZEML\u00c9LETE, SZERETN\u00c9K JELENTKEZNI!<\/strong><\/h3>\n\n\n\n<p>A jelentkez\u00e9si folyamat egyszer\u0171 \u00e9s \u00e1tl\u00e1that\u00f3: a regisztr\u00e1ci\u00f3s \u0171rlap kit\u00f6lt\u00e9se ut\u00e1n felveszem a kapcsolatot a sz\u00fcl\u0151kkel a megadott e-mail c\u00edmen. Ekkor r\u00e9szletes inform\u00e1ci\u00f3kat k\u00fcld\u00f6k a tanfolyamr\u00f3l.<\/p>\n\n\n\n<p>A sz\u00fcl\u0151k t\u00e1mogat\u00e1s\u00e1t a felv\u00e9teli elj\u00e1r\u00e1s sor\u00e1n k\u00fcl\u00f6n\u00f6sen fontosnak tartom. A h\u00edrlev\u00e9lre val\u00f3 feliratkoz\u00e1ssal lehet\u0151s\u00e9g ny\u00edlik arra, hogy a k\u00f6zponti felv\u00e9teli vizsga minden fontos r\u00e9szlet\u00e9vel megismerkedjenek. A tanfolyam sor\u00e1n 4 alkalommal sz\u00fcl\u0151i konzult\u00e1ci\u00f3t tartok, melyen el\u0151re feltett (ak\u00e1r anonim) k\u00e9rd\u00e9sekre fogok v\u00e1laszolni. Err\u0151l szint\u00e9n r\u00e9szletes t\u00e1j\u00e9koztat\u00e1st kapnak a sz\u00fcl\u0151k.<\/p>\n\n\n\n<p>Az oktat\u00e1s sor\u00e1n modern technol\u00f3gi\u00e1t, az \u00fan. <strong>lightboard t\u00e1bl\u00e1t<\/strong> haszn\u00e1lom, amely \u00faj szintre emeli az online tanul\u00e1s \u00e9lm\u00e9ny\u00e9t. Az \u00f3r\u00e1k a <strong>Zoom platformon<\/strong> zajlanak, a r\u00e9szletes technikai inform\u00e1ci\u00f3kat pedig a jelentkez\u00e9s \u00e9s a tand\u00edj rendez\u00e9se ut\u00e1n k\u00fcld\u00f6m el.<\/p>\n\n\n\n<p>Jelenleg <strong>matematika felv\u00e9teli el\u0151k\u00e9sz\u00edt\u0151 kurzusokat k\u00edn\u00e1lok<\/strong> 6., 7. \u00e9s 8. \u00e9vfolyamos di\u00e1kok sz\u00e1m\u00e1ra. Az oktat\u00e1si anyagot r\u00e9szletesen kidolgoztam, \u00e9s teljes m\u00e9rt\u00e9kben a di\u00e1kok ig\u00e9nyeire szabtam.<\/p>\n\n\n\n<p>C\u00e9lom, hogy minden di\u00e1k <strong>sikeresen vegye az akad\u00e1lyokat a felv\u00e9teli vizsg\u00e1n<\/strong> \u00e9s magabiztosan l\u00e9pjen tov\u00e1bb a k\u00f6vetkez\u0151 tanulm\u00e1nyi szintre.<\/p>\n\n\n\n<h3 class=\"wp-block-heading has-text-align-center\"><strong>\ud83d\udc49 SZERETN\u00c9K JELENTKEZNI A FELV\u00c9TELI FELK\u00c9SZ\u00cdT\u0150RE!<\/strong><\/h3>\n\n\n\n<h5 class=\"wp-block-heading has-text-align-center\">\ud83d\udccc <strong><a href=\"http:\/\/www.felveteliakademia.hu\">Felv\u00e9teli Akad\u00e9mia<\/a><\/strong><\/h5>\n\n\n\n<h5 class=\"wp-block-heading has-text-align-center\">\ud83d\udce9 <strong><a href=\"mailto:info@felveteliakademia.hu\">info@felveteliakademia.hu<\/a><\/strong><\/h5>\n\n\n\n<p><\/p>\n\n\n\n<p><\/p>\n","protected":false},"excerpt":{"rendered":"<p>A Felv\u00e9teli Akad\u00e9mia \u2013 Szem\u00e9lyre szabott felk\u00e9sz\u00edt\u00e9s a sikeres felv\u00e9teli\u00e9rt! A Felv\u00e9teli Akad\u00e9mia k\u00fcl\u00f6nlegess\u00e9ge abban rejlik, hogy bens\u0151s\u00e9ges \u00e9s k\u00f6zvetlen kapcsolatot \u00e9p\u00edtek ki a di\u00e1kjaimmal. B\u00e1rmikor el\u00e9rhetnek engem k\u00fcl\u00f6nb\u00f6z\u0151 platformokon, p\u00e9ld\u00e1ul Messenger, Viber, Skype vagy WhatsApp seg\u00edts\u00e9g\u00e9vel, \u00e9s mindig igyekszem a lehet\u0151 leghamarabb v\u00e1laszolni. Nem csup\u00e1n tan\u00e1rk\u00e9nt, hanem t\u00e1mogat\u00f3 tanul\u00f3t\u00e1rsk\u00e9nt is jelen vagyok sz\u00e1mukra. A [&hellip;]<\/p>\n","protected":false},"author":1,"featured_media":0,"parent":0,"menu_order":0,"comment_status":"closed","ping_status":"closed","template":"","meta":{"footnotes":""},"class_list":["post-11","page","type-page","status-publish","hentry"],"_links":{"self":[{"href":"https:\/\/felveteliakademia.hu\/index.php?rest_route=\/wp\/v2\/pages\/11","targetHints":{"allow":["GET"]}}],"collection":[{"href":"https:\/\/felveteliakademia.hu\/index.php?rest_route=\/wp\/v2\/pages"}],"about":[{"href":"https:\/\/felveteliakademia.hu\/index.php?rest_route=\/wp\/v2\/types\/page"}],"author":[{"embeddable":true,"href":"https:\/\/felveteliakademia.hu\/index.php?rest_route=\/wp\/v2\/users\/1"}],"replies":[{"embeddable":true,"href":"https:\/\/felveteliakademia.hu\/index.php?rest_route=%2Fwp%2Fv2%2Fcomments&post=11"}],"version-history":[{"count":3,"href":"https:\/\/felveteliakademia.hu\/index.php?rest_route=\/wp\/v2\/pages\/11\/revisions"}],"predecessor-version":[{"id":26,"href":"https:\/\/felveteliakademia.hu\/index.php?rest_route=\/wp\/v2\/pages\/11\/revisions\/26"}],"wp:attachment":[{"href":"https:\/\/felveteliakademia.hu\/index.php?rest_route=%2Fwp%2Fv2%2Fmedia&parent=11"}],"curies":[{"name":"wp","href":"https:\/\/api.w.org\/{rel}","templated":true}]}}